{"id":320,"date":"2022-12-20T14:57:18","date_gmt":"2022-12-20T14:57:18","guid":{"rendered":"https:\/\/www.improof.lu\/terms-and-conditions\/"},"modified":"2023-01-25T14:18:13","modified_gmt":"2023-01-25T14:18:13","slug":"terms-and-conditions","status":"publish","type":"page","link":"https:\/\/www.improof.lu\/de\/terms-and-conditions\/","title":{"rendered":"Impressum"},"content":{"rendered":"<p>Herausgeber: CSL<\/p>\n<p>18, rue Auguste Lumi\u00e8re L-1950 Luxembourg<\/p>\n<p>Tel: 27 494 200<\/p>\n<p>&nbsp;<\/p>\n<p>Die in diesem Blog wiedergegebenen Artikel spiegeln nicht die Meinung des Koordinierungs-ausschusses und des Herausgebers wider. Jeder Autor\/jede Autorin \u00fcbernimmt die Verantwortung f\u00fcr seinen\/ihren Beitrag. Die Meinungsvielfalt bildet die Grundlage f\u00fcr fruchtbare intellektuelle Auseinandersetzungen. Aus dem Grund k\u00f6nnen auf diesem Blog sehr unterschiedliche Meinungen und Analysen ver\u00f6ffentlicht werden. Der Koordinierungsausschuss und der Herausgeber \u00fcbernehmen keine Verantwortung f\u00fcr den Inhalt der Ver\u00f6ffentlichungen der AutorInnen. Jede Art der Vervielf\u00e4ltigung, auch auszugsweise, ist nur mit Zustimmung des Urhebers\/der Urheberin und mit Quellenangabe gestattet.<\/p>\n","protected":false},"excerpt":{"rendered":"","protected":false},"author":1,"featured_media":0,"parent":0,"menu_order":0,"comment_status":"closed","ping_status":"closed","template":"templates\/terms-conditions.php","meta":{"_acf_changed":false,"footnotes":""},"class_list":["post-320","page","type-page","status-publish","hentry"],"acf":[],"yoast_head":"<!-- This site is optimized with the Yoast SEO plugin v23.9 - https:\/\/yoast.com\/wordpress\/plugins\/seo\/ -->\n<title>Impressum - Improof<\/title>\n<meta name=\"robots\" content=\"index, follow, max-snippet:-1, max-image-preview:large, max-video-preview:-1\" \/>\n<link rel=\"canonical\" href=\"https:\/\/www.improof.lu\/de\/terms-and-conditions\/\" \/>\n<meta property=\"og:locale\" content=\"de_DE\" \/>\n<meta property=\"og:type\" content=\"article\" \/>\n<meta property=\"og:title\" content=\"Impressum - Improof\" \/>\n<meta property=\"og:url\" content=\"https:\/\/www.improof.lu\/de\/terms-and-conditions\/\" \/>\n<meta property=\"og:site_name\" content=\"Improof\" \/>\n<meta property=\"article:modified_time\" content=\"2023-01-25T14:18:13+00:00\" \/>\n<meta name=\"twitter:card\" content=\"summary_large_image\" \/>\n<meta name=\"twitter:label1\" content=\"Est. reading time\" \/>\n\t<meta name=\"twitter:data1\" content=\"1 minute\" \/>\n<script type=\"application\/ld+json\" class=\"yoast-schema-graph\">{\"@context\":\"https:\/\/schema.org\",\"@graph\":[{\"@type\":\"WebPage\",\"@id\":\"https:\/\/www.improof.lu\/de\/terms-and-conditions\/\",\"url\":\"https:\/\/www.improof.lu\/de\/terms-and-conditions\/\",\"name\":\"Impressum - Improof\",\"isPartOf\":{\"@id\":\"https:\/\/www.improof.lu\/de\/#website\"},\"datePublished\":\"2022-12-20T14:57:18+00:00\",\"dateModified\":\"2023-01-25T14:18:13+00:00\",\"breadcrumb\":{\"@id\":\"https:\/\/www.improof.lu\/de\/terms-and-conditions\/#breadcrumb\"},\"inLanguage\":\"de-DE\",\"potentialAction\":[{\"@type\":\"ReadAction\",\"target\":[\"https:\/\/www.improof.lu\/de\/terms-and-conditions\/\"]}]},{\"@type\":\"BreadcrumbList\",\"@id\":\"https:\/\/www.improof.lu\/de\/terms-and-conditions\/#breadcrumb\",\"itemListElement\":[{\"@type\":\"ListItem\",\"position\":1,\"name\":\"Home\",\"item\":\"https:\/\/www.improof.lu\/de\/\"},{\"@type\":\"ListItem\",\"position\":2,\"name\":\"Impressum\"}]},{\"@type\":\"WebSite\",\"@id\":\"https:\/\/www.improof.lu\/de\/#website\",\"url\":\"https:\/\/www.improof.lu\/de\/\",\"name\":\"Improof\",\"description\":\"Tagline goes here\",\"publisher\":{\"@id\":\"https:\/\/www.improof.lu\/de\/#organization\"},\"potentialAction\":[{\"@type\":\"SearchAction\",\"target\":{\"@type\":\"EntryPoint\",\"urlTemplate\":\"https:\/\/www.improof.lu\/de\/?s={search_term_string}\"},\"query-input\":{\"@type\":\"PropertyValueSpecification\",\"valueRequired\":true,\"valueName\":\"search_term_string\"}}],\"inLanguage\":\"de-DE\"},{\"@type\":\"Organization\",\"@id\":\"https:\/\/www.improof.lu\/de\/#organization\",\"name\":\"Improof\",\"url\":\"https:\/\/www.improof.lu\/de\/\",\"logo\":{\"@type\":\"ImageObject\",\"inLanguage\":\"de-DE\",\"@id\":\"https:\/\/www.improof.lu\/de\/#\/schema\/logo\/image\/\",\"url\":\"https:\/\/www.improof.lu\/app\/uploads\/2022\/10\/improof-logo-svg.png\",\"contentUrl\":\"https:\/\/www.improof.lu\/app\/uploads\/2022\/10\/improof-logo-svg.png\",\"width\":652,\"height\":209,\"caption\":\"Improof\"},\"image\":{\"@id\":\"https:\/\/www.improof.lu\/de\/#\/schema\/logo\/image\/\"}}]}<\/script>\n<!-- \/ Yoast SEO plugin. -->","yoast_head_json":{"title":"Impressum - Improof","robots":{"index":"index","follow":"follow","max-snippet":"max-snippet:-1","max-image-preview":"max-image-preview:large","max-video-preview":"max-video-preview:-1"},"canonical":"https:\/\/www.improof.lu\/de\/terms-and-conditions\/","og_locale":"de_DE","og_type":"article","og_title":"Impressum - Improof","og_url":"https:\/\/www.improof.lu\/de\/terms-and-conditions\/","og_site_name":"Improof","article_modified_time":"2023-01-25T14:18:13+00:00","twitter_card":"summary_large_image","twitter_misc":{"Est. reading time":"1 minute"},"schema":{"@context":"https:\/\/schema.org","@graph":[{"@type":"WebPage","@id":"https:\/\/www.improof.lu\/de\/terms-and-conditions\/","url":"https:\/\/www.improof.lu\/de\/terms-and-conditions\/","name":"Impressum - Improof","isPartOf":{"@id":"https:\/\/www.improof.lu\/de\/#website"},"datePublished":"2022-12-20T14:57:18+00:00","dateModified":"2023-01-25T14:18:13+00:00","breadcrumb":{"@id":"https:\/\/www.improof.lu\/de\/terms-and-conditions\/#breadcrumb"},"inLanguage":"de-DE","potentialAction":[{"@type":"ReadAction","target":["https:\/\/www.improof.lu\/de\/terms-and-conditions\/"]}]},{"@type":"BreadcrumbList","@id":"https:\/\/www.improof.lu\/de\/terms-and-conditions\/#breadcrumb","itemListElement":[{"@type":"ListItem","position":1,"name":"Home","item":"https:\/\/www.improof.lu\/de\/"},{"@type":"ListItem","position":2,"name":"Impressum"}]},{"@type":"WebSite","@id":"https:\/\/www.improof.lu\/de\/#website","url":"https:\/\/www.improof.lu\/de\/","name":"Improof","description":"Tagline goes here","publisher":{"@id":"https:\/\/www.improof.lu\/de\/#organization"},"potentialAction":[{"@type":"SearchAction","target":{"@type":"EntryPoint","urlTemplate":"https:\/\/www.improof.lu\/de\/?s={search_term_string}"},"query-input":{"@type":"PropertyValueSpecification","valueRequired":true,"valueName":"search_term_string"}}],"inLanguage":"de-DE"},{"@type":"Organization","@id":"https:\/\/www.improof.lu\/de\/#organization","name":"Improof","url":"https:\/\/www.improof.lu\/de\/","logo":{"@type":"ImageObject","inLanguage":"de-DE","@id":"https:\/\/www.improof.lu\/de\/#\/schema\/logo\/image\/","url":"https:\/\/www.improof.lu\/app\/uploads\/2022\/10\/improof-logo-svg.png","contentUrl":"https:\/\/www.improof.lu\/app\/uploads\/2022\/10\/improof-logo-svg.png","width":652,"height":209,"caption":"Improof"},"image":{"@id":"https:\/\/www.improof.lu\/de\/#\/schema\/logo\/image\/"}}]}},"_links":{"self":[{"href":"https:\/\/www.improof.lu\/de\/wp-json\/wp\/v2\/pages\/320","targetHints":{"allow":["GET"]}}],"collection":[{"href":"https:\/\/www.improof.lu\/de\/wp-json\/wp\/v2\/pages"}],"about":[{"href":"https:\/\/www.improof.lu\/de\/wp-json\/wp\/v2\/types\/page"}],"author":[{"embeddable":true,"href":"https:\/\/www.improof.lu\/de\/wp-json\/wp\/v2\/users\/1"}],"replies":[{"embeddable":true,"href":"https:\/\/www.improof.lu\/de\/wp-json\/wp\/v2\/comments?post=320"}],"version-history":[{"count":4,"href":"https:\/\/www.improof.lu\/de\/wp-json\/wp\/v2\/pages\/320\/revisions"}],"predecessor-version":[{"id":783,"href":"https:\/\/www.improof.lu\/de\/wp-json\/wp\/v2\/pages\/320\/revisions\/783"}],"wp:attachment":[{"href":"https:\/\/www.improof.lu\/de\/wp-json\/wp\/v2\/media?parent=320"}],"curies":[{"name":"wp","href":"https:\/\/api.w.org\/{rel}","templated":true}]}}