{"id":81,"date":"2022-11-02T10:32:01","date_gmt":"2022-11-02T10:32:01","guid":{"rendered":"https:\/\/www.improof.lu\/a-propos-de-nous\/"},"modified":"2024-12-10T11:11:42","modified_gmt":"2024-12-10T11:11:42","slug":"a-propos-de-nous","status":"publish","type":"page","link":"https:\/\/www.improof.lu\/fr\/a-propos-de-nous\/","title":{"rendered":"\u00c0 propos"},"content":{"rendered":"<p>Ce blog traite de sujets tr\u00e8s divers dans le but d\u2019alimenter le d\u00e9bat public et politique avec de nouvelles perspectives, points de vue et id\u00e9es inspirantes.<\/p>\n<p>L\u2019\u00e9conomie et la vie sociale sont faites par un chacun de nous, qu\u2019il soit salari\u00e9, pla\u00e7ant ses capacit\u00e9s au service de quelqu\u2019un d\u2019autre, ou qu\u2019il soit entrepreneur ayant recours au travail des autres pour mettre en place ses id\u00e9es et les faire fonctionner. Tous participent et tous jouent un r\u00f4le important faisant en sorte que l\u2019\u00e9conomie et la vie sociale fonctionnent.<\/p>\n<p>Les contributions publi\u00e9es sur le pr\u00e9sent blog doivent servir \u00e0 influer favorablement l\u2019organisation autour du fonctionnement de l\u2019\u00e9conomie nationale, europ\u00e9enne et mondiale, dans le but de servir tous les \u00eatres humains et de leur assurer de mani\u00e8re durable une vie sereine dans le respect de leur environnement naturel plan\u00e9taire.<\/p>\n<p>C\u2019est ainsi que le pr\u00e9sent blog se focalise sur diff\u00e9rents th\u00e8mes relevant de la politique \u00e9conomique, sociale et soci\u00e9tale, mettant en discussion des positions et des contre-positions, des arguments et des contre-arguments et fournissant ainsi des contributions aux d\u00e9bats politiques.<\/p>\n<p>Les auteurs du blog peuvent \u00eatre des personnes relevant de l\u2019organisation de l\u2019\u00e9diteur ou au contraire, \u00eatre externes.<\/p>\n","protected":false},"excerpt":{"rendered":"","protected":false},"author":1,"featured_media":0,"parent":0,"menu_order":0,"comment_status":"closed","ping_status":"closed","template":"templates\/about.blade.php","meta":{"_acf_changed":false,"footnotes":""},"class_list":["post-81","page","type-page","status-publish","hentry"],"acf":[],"yoast_head":"<!-- This site is optimized with the Yoast SEO plugin v23.9 - https:\/\/yoast.com\/wordpress\/plugins\/seo\/ -->\n<title>\u00c0 propos - Improof<\/title>\n<meta name=\"description\" content=\"Improof est une initiative de la Chambre des Salari\u00e9s du Luxembourg (CSL) proposant des r\u00e9flexions pour une \u00e9conomie juste et durable.\" \/>\n<meta name=\"robots\" content=\"index, follow, max-snippet:-1, max-image-preview:large, max-video-preview:-1\" \/>\n<link rel=\"canonical\" href=\"https:\/\/www.improof.lu\/fr\/a-propos-de-nous\/\" \/>\n<meta property=\"og:locale\" content=\"fr_FR\" \/>\n<meta property=\"og:type\" content=\"article\" \/>\n<meta property=\"og:title\" content=\"\u00c0 propos - Improof\" \/>\n<meta property=\"og:description\" content=\"Improof est une initiative de la Chambre des Salari\u00e9s du Luxembourg (CSL) proposant des r\u00e9flexions pour une \u00e9conomie juste et durable.\" \/>\n<meta property=\"og:url\" content=\"https:\/\/www.improof.lu\/fr\/a-propos-de-nous\/\" \/>\n<meta property=\"og:site_name\" content=\"Improof\" \/>\n<meta property=\"article:modified_time\" content=\"2024-12-10T11:11:42+00:00\" \/>\n<meta name=\"twitter:card\" content=\"summary_large_image\" \/>\n<meta name=\"twitter:label1\" content=\"Est. reading time\" \/>\n\t<meta name=\"twitter:data1\" content=\"1 minute\" \/>\n<script type=\"application\/ld+json\" class=\"yoast-schema-graph\">{\"@context\":\"https:\/\/schema.org\",\"@graph\":[{\"@type\":\"WebPage\",\"@id\":\"https:\/\/www.improof.lu\/fr\/a-propos-de-nous\/\",\"url\":\"https:\/\/www.improof.lu\/fr\/a-propos-de-nous\/\",\"name\":\"\u00c0 propos - Improof\",\"isPartOf\":{\"@id\":\"https:\/\/www.improof.lu\/fr\/#website\"},\"datePublished\":\"2022-11-02T10:32:01+00:00\",\"dateModified\":\"2024-12-10T11:11:42+00:00\",\"description\":\"Improof est une initiative de la Chambre des Salari\u00e9s du Luxembourg (CSL) proposant des r\u00e9flexions pour une \u00e9conomie juste et durable.\",\"breadcrumb\":{\"@id\":\"https:\/\/www.improof.lu\/fr\/a-propos-de-nous\/#breadcrumb\"},\"inLanguage\":\"fr-FR\",\"potentialAction\":[{\"@type\":\"ReadAction\",\"target\":[\"https:\/\/www.improof.lu\/fr\/a-propos-de-nous\/\"]}]},{\"@type\":\"BreadcrumbList\",\"@id\":\"https:\/\/www.improof.lu\/fr\/a-propos-de-nous\/#breadcrumb\",\"itemListElement\":[{\"@type\":\"ListItem\",\"position\":1,\"name\":\"Home\",\"item\":\"https:\/\/www.improof.lu\/fr\/\"},{\"@type\":\"ListItem\",\"position\":2,\"name\":\"\u00c0 propos\"}]},{\"@type\":\"WebSite\",\"@id\":\"https:\/\/www.improof.lu\/fr\/#website\",\"url\":\"https:\/\/www.improof.lu\/fr\/\",\"name\":\"Improof\",\"description\":\"Tagline goes here\",\"publisher\":{\"@id\":\"https:\/\/www.improof.lu\/fr\/#organization\"},\"potentialAction\":[{\"@type\":\"SearchAction\",\"target\":{\"@type\":\"EntryPoint\",\"urlTemplate\":\"https:\/\/www.improof.lu\/fr\/?s={search_term_string}\"},\"query-input\":{\"@type\":\"PropertyValueSpecification\",\"valueRequired\":true,\"valueName\":\"search_term_string\"}}],\"inLanguage\":\"fr-FR\"},{\"@type\":\"Organization\",\"@id\":\"https:\/\/www.improof.lu\/fr\/#organization\",\"name\":\"Improof\",\"url\":\"https:\/\/www.improof.lu\/fr\/\",\"logo\":{\"@type\":\"ImageObject\",\"inLanguage\":\"fr-FR\",\"@id\":\"https:\/\/www.improof.lu\/fr\/#\/schema\/logo\/image\/\",\"url\":\"https:\/\/www.improof.lu\/app\/uploads\/2022\/10\/improof-logo-svg.png\",\"contentUrl\":\"https:\/\/www.improof.lu\/app\/uploads\/2022\/10\/improof-logo-svg.png\",\"width\":652,\"height\":209,\"caption\":\"Improof\"},\"image\":{\"@id\":\"https:\/\/www.improof.lu\/fr\/#\/schema\/logo\/image\/\"}}]}<\/script>\n<!-- \/ Yoast SEO plugin. -->","yoast_head_json":{"title":"\u00c0 propos - Improof","description":"Improof est une initiative de la Chambre des Salari\u00e9s du Luxembourg (CSL) proposant des r\u00e9flexions pour une \u00e9conomie juste et durable.","robots":{"index":"index","follow":"follow","max-snippet":"max-snippet:-1","max-image-preview":"max-image-preview:large","max-video-preview":"max-video-preview:-1"},"canonical":"https:\/\/www.improof.lu\/fr\/a-propos-de-nous\/","og_locale":"fr_FR","og_type":"article","og_title":"\u00c0 propos - Improof","og_description":"Improof est une initiative de la Chambre des Salari\u00e9s du Luxembourg (CSL) proposant des r\u00e9flexions pour une \u00e9conomie juste et durable.","og_url":"https:\/\/www.improof.lu\/fr\/a-propos-de-nous\/","og_site_name":"Improof","article_modified_time":"2024-12-10T11:11:42+00:00","twitter_card":"summary_large_image","twitter_misc":{"Est. reading time":"1 minute"},"schema":{"@context":"https:\/\/schema.org","@graph":[{"@type":"WebPage","@id":"https:\/\/www.improof.lu\/fr\/a-propos-de-nous\/","url":"https:\/\/www.improof.lu\/fr\/a-propos-de-nous\/","name":"\u00c0 propos - Improof","isPartOf":{"@id":"https:\/\/www.improof.lu\/fr\/#website"},"datePublished":"2022-11-02T10:32:01+00:00","dateModified":"2024-12-10T11:11:42+00:00","description":"Improof est une initiative de la Chambre des Salari\u00e9s du Luxembourg (CSL) proposant des r\u00e9flexions pour une \u00e9conomie juste et durable.","breadcrumb":{"@id":"https:\/\/www.improof.lu\/fr\/a-propos-de-nous\/#breadcrumb"},"inLanguage":"fr-FR","potentialAction":[{"@type":"ReadAction","target":["https:\/\/www.improof.lu\/fr\/a-propos-de-nous\/"]}]},{"@type":"BreadcrumbList","@id":"https:\/\/www.improof.lu\/fr\/a-propos-de-nous\/#breadcrumb","itemListElement":[{"@type":"ListItem","position":1,"name":"Home","item":"https:\/\/www.improof.lu\/fr\/"},{"@type":"ListItem","position":2,"name":"\u00c0 propos"}]},{"@type":"WebSite","@id":"https:\/\/www.improof.lu\/fr\/#website","url":"https:\/\/www.improof.lu\/fr\/","name":"Improof","description":"Tagline goes here","publisher":{"@id":"https:\/\/www.improof.lu\/fr\/#organization"},"potentialAction":[{"@type":"SearchAction","target":{"@type":"EntryPoint","urlTemplate":"https:\/\/www.improof.lu\/fr\/?s={search_term_string}"},"query-input":{"@type":"PropertyValueSpecification","valueRequired":true,"valueName":"search_term_string"}}],"inLanguage":"fr-FR"},{"@type":"Organization","@id":"https:\/\/www.improof.lu\/fr\/#organization","name":"Improof","url":"https:\/\/www.improof.lu\/fr\/","logo":{"@type":"ImageObject","inLanguage":"fr-FR","@id":"https:\/\/www.improof.lu\/fr\/#\/schema\/logo\/image\/","url":"https:\/\/www.improof.lu\/app\/uploads\/2022\/10\/improof-logo-svg.png","contentUrl":"https:\/\/www.improof.lu\/app\/uploads\/2022\/10\/improof-logo-svg.png","width":652,"height":209,"caption":"Improof"},"image":{"@id":"https:\/\/www.improof.lu\/fr\/#\/schema\/logo\/image\/"}}]}},"_links":{"self":[{"href":"https:\/\/www.improof.lu\/fr\/wp-json\/wp\/v2\/pages\/81","targetHints":{"allow":["GET"]}}],"collection":[{"href":"https:\/\/www.improof.lu\/fr\/wp-json\/wp\/v2\/pages"}],"about":[{"href":"https:\/\/www.improof.lu\/fr\/wp-json\/wp\/v2\/types\/page"}],"author":[{"embeddable":true,"href":"https:\/\/www.improof.lu\/fr\/wp-json\/wp\/v2\/users\/1"}],"replies":[{"embeddable":true,"href":"https:\/\/www.improof.lu\/fr\/wp-json\/wp\/v2\/comments?post=81"}],"version-history":[{"count":22,"href":"https:\/\/www.improof.lu\/fr\/wp-json\/wp\/v2\/pages\/81\/revisions"}],"predecessor-version":[{"id":709,"href":"https:\/\/www.improof.lu\/fr\/wp-json\/wp\/v2\/pages\/81\/revisions\/709"}],"wp:attachment":[{"href":"https:\/\/www.improof.lu\/fr\/wp-json\/wp\/v2\/media?parent=81"}],"curies":[{"name":"wp","href":"https:\/\/api.w.org\/{rel}","templated":true}]}}